{"id":1514,"date":"2018-07-16T09:03:51","date_gmt":"2018-07-16T09:03:51","guid":{"rendered":"http:\/\/demo.wpautolistings.com\/?page_id=1514"},"modified":"2025-08-19T14:59:04","modified_gmt":"2025-08-19T17:59:04","slug":"about","status":"publish","type":"page","link":"https:\/\/automax.com.uy\/sitio\/about\/","title":{"rendered":"Empresa"},"content":{"rendered":"<p>En <strong>Automax<\/strong>, tenemos un \u00fanico compromiso: con nuestros clientes.<\/p>\n<p>Buscamos conocerlos, dedicarles tiempo, entender sus necesidades y entregarles el mayor valor por su dinero.<\/p>\n<p>Ofrecemos opciones en distintas categor\u00edas, dando las mayores facilidades para acceder a nuestras unidades, a trav\u00e9s de nuestra propia financiaci\u00f3n.<\/p>\n<p>Conocemos y tenemos la ficha hist\u00f3rica de cada uno de los veh\u00edculos que ofrecemos. Es una tranquilidad para nosotros, y un seguro para nuestros clientes. Adem\u00e1s, nuestros veh\u00edculos cuentan con una garant\u00eda mec\u00e1nica; un beneficio para nuestros clientes, que saben que, a\u00fan comprando un auto usado, lo hacen con un respaldo real y una tranquilidad total. Ante cualquier posible falla mec\u00e1nica, en <strong>Automax<\/strong> nos hacemos cargo, dando una soluci\u00f3n siempre.<br \/><br \/><img loading=\"lazy\" decoding=\"async\" class=\"wp-image-5981 size-full aligncenter\" src=\"https:\/\/automax.com.uy\/sitio\/wp-content\/uploads\/2025\/08\/foto-para-web.png\" alt=\"foto para web\" width=\"788\" height=\"454\" srcset=\"https:\/\/automax.com.uy\/sitio\/wp-content\/uploads\/2025\/08\/foto-para-web.png 788w, https:\/\/automax.com.uy\/sitio\/wp-content\/uploads\/2025\/08\/foto-para-web-300x173.png 300w, https:\/\/automax.com.uy\/sitio\/wp-content\/uploads\/2025\/08\/foto-para-web-768x442.png 768w\" sizes=\"auto, (max-width: 788px) 100vw, 788px\" \/><br \/><br \/><\/p>\n\n\n<p><\/p>\n","protected":false},"excerpt":{"rendered":"<p>En Automax, tenemos un \u00fanico compromiso: con nuestros clientes. Buscamos conocerlos, dedicarles tiempo, entender sus necesidades y entregarles el mayor valor por su dinero. Ofrecemos opciones en distintas categor\u00edas, dando las mayores facilidades para acceder a nuestras unidades, a trav\u00e9s de nuestra propia financiaci\u00f3n. Conocemos y tenemos la ficha hist\u00f3rica&hellip; <\/p>\n<p class=\"link-more\"><a href=\"https:\/\/automax.com.uy\/sitio\/about\/\" class=\"more-link\">Read More<span class=\"screen-reader-text\">Empresa<\/span><\/a><\/p>\n","protected":false},"author":1,"featured_media":0,"parent":0,"menu_order":0,"comment_status":"closed","ping_status":"closed","template":"","meta":{"spay_email":"","footnotes":""},"tags":[],"class_list":["post-1514","page","type-page","status-publish","hentry"],"_links":{"self":[{"href":"https:\/\/automax.com.uy\/sitio\/wp-json\/wp\/v2\/pages\/1514","targetHints":{"allow":["GET"]}}],"collection":[{"href":"https:\/\/automax.com.uy\/sitio\/wp-json\/wp\/v2\/pages"}],"about":[{"href":"https:\/\/automax.com.uy\/sitio\/wp-json\/wp\/v2\/types\/page"}],"author":[{"embeddable":true,"href":"https:\/\/automax.com.uy\/sitio\/wp-json\/wp\/v2\/users\/1"}],"replies":[{"embeddable":true,"href":"https:\/\/automax.com.uy\/sitio\/wp-json\/wp\/v2\/comments?post=1514"}],"version-history":[{"count":7,"href":"https:\/\/automax.com.uy\/sitio\/wp-json\/wp\/v2\/pages\/1514\/revisions"}],"predecessor-version":[{"id":5982,"href":"https:\/\/automax.com.uy\/sitio\/wp-json\/wp\/v2\/pages\/1514\/revisions\/5982"}],"wp:attachment":[{"href":"https:\/\/automax.com.uy\/sitio\/wp-json\/wp\/v2\/media?parent=1514"}],"wp:term":[{"taxonomy":"post_tag","embeddable":true,"href":"https:\/\/automax.com.uy\/sitio\/wp-json\/wp\/v2\/tags?post=1514"}],"curies":[{"name":"wp","href":"https:\/\/api.w.org\/{rel}","templated":true}]}}