{"id":1518,"date":"2018-07-16T09:06:11","date_gmt":"2018-07-16T09:06:11","guid":{"rendered":"http:\/\/demo.wpautolistings.com\/?page_id=1518"},"modified":"2025-08-21T11:44:01","modified_gmt":"2025-08-21T14:44:01","slug":"contact","status":"publish","type":"page","link":"https:\/\/automax.com.uy\/sitio\/contact\/","title":{"rendered":"Contacto"},"content":{"rendered":"<div class=\"mapouter\">\n<div class=\"gmap_canvas\"><iframe loading=\"lazy\" id=\"gmap_canvas\" src=\"https:\/\/maps.google.com\/maps?q=Automotora%20Automax&amp;t=&amp;z=13&amp;ie=UTF8&amp;iwloc=&amp;output=embed\" width=\"750\" height=\"400\" frameborder=\"0\" marginwidth=\"0\" marginheight=\"0\" scrolling=\"no\"><\/iframe> <\/p>\n<style>.mapouter{position:relative;text-align:right;height:400px;width:750px;}<\/style>\n<p><a href=\"https:\/\/www.embedgooglemap.net\">responsive google maps<\/a><\/p>\n<style>.gmap_canvas {overflow:hidden;background:none!important;height:400px;width:750px;}<\/style>\n<\/div>\n<\/div>\n<h3>AUTOMAX<\/h3>\n<p><strong>Horario de atenci\u00f3n<\/strong>:<\/p>\n<p>Lun a Vie de 9.00-18.00 \/ S\u00e1b 9.00-15.00<\/p>\n<p><strong>Mail<\/strong>: <a href=\"mailto:ventas@automax.com.uy\">ventas@automax.com.uy<\/a><\/p>\n<p><strong>Direcci\u00f3n<\/strong>:<br \/>\nAv. Gianattassio esq. Secco Garc\u00eda (Solymar) &#8211; <strong>Tel<\/strong>: (+598) 2681 8318<br \/>\n<strong><br \/>\nWhatsApp<\/strong>: <a href=\"https:\/\/wa.me\/0059895550908\">(+598) 095 550 908<\/a><\/p>\n<p><span style=\"color: #ffffff;\">.<\/span><\/p>\n<p><strong>Formulario de contacto:<\/strong><span style=\"color: #ffffff;\"><br \/>\n<\/span><div role=\"form\" class=\"wpcf7\" id=\"wpcf7-f1879-o1\" lang=\"es-ES\" dir=\"ltr\">\n<div class=\"screen-reader-response\"><p role=\"status\" aria-live=\"polite\" aria-atomic=\"true\"><\/p> <ul><\/ul><\/div>\n<form action=\"\/sitio\/wp-json\/wp\/v2\/pages\/1518#wpcf7-f1879-o1\" method=\"post\" class=\"wpcf7-form init\" novalidate=\"novalidate\" data-status=\"init\">\n<div style=\"display: none;\">\n<input type=\"hidden\" name=\"_wpcf7\" value=\"1879\" \/>\n<input type=\"hidden\" name=\"_wpcf7_version\" value=\"5.4\" \/>\n<input type=\"hidden\" name=\"_wpcf7_locale\" value=\"es_ES\" \/>\n<input type=\"hidden\" name=\"_wpcf7_unit_tag\" value=\"wpcf7-f1879-o1\" \/>\n<input type=\"hidden\" name=\"_wpcf7_container_post\" value=\"0\" \/>\n<input type=\"hidden\" name=\"_wpcf7_posted_data_hash\" value=\"\" \/>\n<input type=\"hidden\" name=\"_wpcf7_recaptcha_response\" value=\"\" \/>\n<\/div>\n<p><label> <strong>Nombre<\/strong><br \/>\n    <span class=\"wpcf7-form-control-wrap your-name\"><input type=\"text\" name=\"your-name\" value=\"\" size=\"40\" class=\"wpcf7-form-control wpcf7-text wpcf7-validates-as-required\" aria-required=\"true\" aria-invalid=\"false\" \/><\/span> <\/label><\/p>\n<p><label> <strong>Correo electr\u00f3nico<\/strong><br \/>\n    <span class=\"wpcf7-form-control-wrap your-email\"><input type=\"email\" name=\"your-email\" value=\"\" size=\"40\" class=\"wpcf7-form-control wpcf7-text wpcf7-email wpcf7-validates-as-required wpcf7-validates-as-email\" aria-required=\"true\" aria-invalid=\"false\" \/><\/span> <\/label><\/p>\n<p><label> <strong>Asunto<\/strong><br \/>\n    <span class=\"wpcf7-form-control-wrap your-subject\"><input type=\"text\" name=\"your-subject\" value=\"\" size=\"40\" class=\"wpcf7-form-control wpcf7-text wpcf7-validates-as-required\" aria-required=\"true\" aria-invalid=\"false\" \/><\/span> <\/label><\/p>\n<p><label> <strong>Envianos tu consulta.<br \/>\nSi quer\u00e9s utilizar tu veh\u00edculo como forma de pago, envianos marca, modelo, a\u00f1o y km que te lo cotizamos sin costo.   <strong><br \/>\n    <span class=\"wpcf7-form-control-wrap your-message\"><textarea name=\"your-message\" cols=\"40\" rows=\"10\" class=\"wpcf7-form-control wpcf7-textarea\" aria-invalid=\"false\"><\/textarea><\/span> <\/label><\/p>\n<span class=\"wpcf7-form-control-wrap recaptcha\" data-name=\"recaptcha\"><span data-sitekey=\"6LernaEaAAAAAIpxCTL_3oxa4cJ_kkTW0I2FAJeX\" class=\"wpcf7-form-control g-recaptcha wpcf7-recaptcha\"><\/span>\r\n<noscript>\r\n\t<div class=\"grecaptcha-noscript\">\r\n\t\t<iframe loading=\"lazy\" src=\"https:\/\/www.google.com\/recaptcha\/api\/fallback?k=6LernaEaAAAAAIpxCTL_3oxa4cJ_kkTW0I2FAJeX\" frameborder=\"0\" scrolling=\"no\" width=\"310\" height=\"430\">\r\n\t\t<\/iframe>\r\n\t\t<textarea name=\"g-recaptcha-response\" rows=\"3\" cols=\"40\" placeholder=\"Aqu\u00ed la respuesta de reCAPTCHA\">\r\n\t\t<\/textarea>\r\n\t<\/div>\r\n<\/noscript>\r\n<\/span>\n<p><input type=\"submit\" value=\"Enviar\" class=\"wpcf7-form-control wpcf7-submit\" \/><\/p>\n<div class=\"wpcf7-response-output\" aria-hidden=\"true\"><\/div><\/form><\/div><\/p>\n","protected":false},"excerpt":{"rendered":"<p>responsive google maps AUTOMAX Horario de atenci\u00f3n: Lun a Vie de 9.00-18.00 \/ S\u00e1b 9.00-15.00 Mail: ventas@automax.com.uy Direcci\u00f3n: Av. Gianattassio esq. Secco Garc\u00eda (Solymar) &#8211; Tel: (+598) 2681 8318 WhatsApp: (+598) 095 550 908 . Formulario de contacto:<\/p>\n","protected":false},"author":1,"featured_media":0,"parent":0,"menu_order":0,"comment_status":"closed","ping_status":"closed","template":"","meta":{"spay_email":"","footnotes":""},"tags":[],"class_list":["post-1518","page","type-page","status-publish","hentry"],"_links":{"self":[{"href":"https:\/\/automax.com.uy\/sitio\/wp-json\/wp\/v2\/pages\/1518","targetHints":{"allow":["GET"]}}],"collection":[{"href":"https:\/\/automax.com.uy\/sitio\/wp-json\/wp\/v2\/pages"}],"about":[{"href":"https:\/\/automax.com.uy\/sitio\/wp-json\/wp\/v2\/types\/page"}],"author":[{"embeddable":true,"href":"https:\/\/automax.com.uy\/sitio\/wp-json\/wp\/v2\/users\/1"}],"replies":[{"embeddable":true,"href":"https:\/\/automax.com.uy\/sitio\/wp-json\/wp\/v2\/comments?post=1518"}],"version-history":[{"count":21,"href":"https:\/\/automax.com.uy\/sitio\/wp-json\/wp\/v2\/pages\/1518\/revisions"}],"predecessor-version":[{"id":5984,"href":"https:\/\/automax.com.uy\/sitio\/wp-json\/wp\/v2\/pages\/1518\/revisions\/5984"}],"wp:attachment":[{"href":"https:\/\/automax.com.uy\/sitio\/wp-json\/wp\/v2\/media?parent=1518"}],"wp:term":[{"taxonomy":"post_tag","embeddable":true,"href":"https:\/\/automax.com.uy\/sitio\/wp-json\/wp\/v2\/tags?post=1518"}],"curies":[{"name":"wp","href":"https:\/\/api.w.org\/{rel}","templated":true}]}}