{"id":1577,"date":"2018-09-18T10:30:20","date_gmt":"2018-09-18T10:30:20","guid":{"rendered":"https:\/\/demo.wpautolistings.com\/dealers\/"},"modified":"2021-03-26T16:25:29","modified_gmt":"2021-03-26T19:25:29","slug":"servicios","status":"publish","type":"page","link":"https:\/\/automax.com.uy\/sitio\/servicios\/","title":{"rendered":"Servicios"},"content":{"rendered":"\n<ul class=\"wp-block-list\"><li>Comercializamos usados certificados, con garant\u00eda mec\u00e1nica.<\/li><li>Ofrecemos una financiaci\u00f3n pr\u00e1ctica, simple y r\u00e1pida, a sola firma y hasta en 37 cuotas.<\/li><li>Realizamos tasaciones sin costo, y aceptamos permutas como forma de pago.<\/li><li>Brindamos asesoramiento notarial y de gestor\u00eda a nuestros clientes.<\/li><\/ul>\n","protected":false},"excerpt":{"rendered":"<p>Comercializamos usados certificados, con garant\u00eda mec\u00e1nica. Ofrecemos una financiaci\u00f3n pr\u00e1ctica, simple y r\u00e1pida, a sola firma y hasta en 37 cuotas. Realizamos tasaciones sin costo, y aceptamos permutas como forma de pago. Brindamos asesoramiento notarial y de gestor\u00eda a nuestros clientes.<\/p>\n","protected":false},"author":1,"featured_media":0,"parent":0,"menu_order":0,"comment_status":"closed","ping_status":"closed","template":"","meta":{"spay_email":"","footnotes":""},"tags":[],"class_list":["post-1577","page","type-page","status-publish","hentry"],"_links":{"self":[{"href":"https:\/\/automax.com.uy\/sitio\/wp-json\/wp\/v2\/pages\/1577","targetHints":{"allow":["GET"]}}],"collection":[{"href":"https:\/\/automax.com.uy\/sitio\/wp-json\/wp\/v2\/pages"}],"about":[{"href":"https:\/\/automax.com.uy\/sitio\/wp-json\/wp\/v2\/types\/page"}],"author":[{"embeddable":true,"href":"https:\/\/automax.com.uy\/sitio\/wp-json\/wp\/v2\/users\/1"}],"replies":[{"embeddable":true,"href":"https:\/\/automax.com.uy\/sitio\/wp-json\/wp\/v2\/comments?post=1577"}],"version-history":[{"count":2,"href":"https:\/\/automax.com.uy\/sitio\/wp-json\/wp\/v2\/pages\/1577\/revisions"}],"predecessor-version":[{"id":1870,"href":"https:\/\/automax.com.uy\/sitio\/wp-json\/wp\/v2\/pages\/1577\/revisions\/1870"}],"wp:attachment":[{"href":"https:\/\/automax.com.uy\/sitio\/wp-json\/wp\/v2\/media?parent=1577"}],"wp:term":[{"taxonomy":"post_tag","embeddable":true,"href":"https:\/\/automax.com.uy\/sitio\/wp-json\/wp\/v2\/tags?post=1577"}],"curies":[{"name":"wp","href":"https:\/\/api.w.org\/{rel}","templated":true}]}}